{"id":2422,"date":"2026-03-05T12:14:44","date_gmt":"2026-03-05T11:14:44","guid":{"rendered":"https:\/\/www.kiloukoi.com\/?page_id=2422"},"modified":"2026-03-05T12:14:44","modified_gmt":"2026-03-05T11:14:44","slug":"les-meilleurs-quartiers-pour-investir-a-dakar-en-2026","status":"publish","type":"page","link":"https:\/\/www.kiloukoi.com\/index.php\/les-meilleurs-quartiers-pour-investir-a-dakar-en-2026\/","title":{"rendered":"Les meilleurs quartiers pour investir \u00e0 Dakar en 2026"},"content":{"rendered":"<p data-start=\"60\" data-end=\"395\">La ville de <strong data-start=\"72\" data-end=\"113\"><span class=\"hover:entity-accent entity-underline inline cursor-pointer align-baseline\"><span class=\"whitespace-normal\">Dakar<\/span><\/span><\/strong> est aujourd\u2019hui l\u2019un des march\u00e9s immobiliers les plus dynamiques d\u2019Afrique de l\u2019Ouest. Gr\u00e2ce \u00e0 sa croissance \u00e9conomique, son attractivit\u00e9 internationale et l\u2019augmentation de la population urbaine, l\u2019immobilier \u00e0 Dakar repr\u00e9sente une opportunit\u00e9 int\u00e9ressante pour les investisseurs.<\/p>\n<p data-start=\"397\" data-end=\"604\">Que vous souhaitiez acheter un appartement pour la location, une maison familiale ou investir dans un programme immobilier neuf, certains quartiers offrent un potentiel de rentabilit\u00e9 particuli\u00e8rement \u00e9lev\u00e9.<\/p>\n<p data-start=\"606\" data-end=\"670\">Voici les quartiers les plus int\u00e9ressants pour investir \u00e0 Dakar.<\/p>\n<hr data-start=\"672\" data-end=\"675\" \/>\n<h2 data-start=\"677\" data-end=\"724\">Les Almadies : le quartier le plus recherch\u00e9<\/h2>\n<p data-start=\"728\" data-end=\"862\">Situ\u00e9 \u00e0 l\u2019extr\u00e9mit\u00e9 de la presqu\u2019\u00eele du Cap-Vert, le quartier des <strong data-start=\"794\" data-end=\"806\">Almadies<\/strong> est consid\u00e9r\u00e9 comme l\u2019un des plus prestigieux de Dakar.<\/p>\n<p data-start=\"864\" data-end=\"993\">Ce secteur attire de nombreux expatri\u00e9s, diplomates et cadres internationaux, ce qui en fait un march\u00e9 immobilier tr\u00e8s dynamique.<\/p>\n<h3 data-start=\"995\" data-end=\"1031\">Pourquoi investir aux Almadies ?<\/h3>\n<ul data-start=\"1032\" data-end=\"1154\">\n<li data-start=\"1032\" data-end=\"1056\">\n<p data-start=\"1034\" data-end=\"1056\">forte demande locative<\/p>\n<\/li>\n<li data-start=\"1057\" data-end=\"1105\">\n<p data-start=\"1059\" data-end=\"1105\">proximit\u00e9 des restaurants, plages et commerces<\/p>\n<\/li>\n<li data-start=\"1106\" data-end=\"1138\">\n<p data-start=\"1108\" data-end=\"1138\">quartier s\u00e9curis\u00e9 et recherch\u00e9<\/p>\n<\/li>\n<li data-start=\"1139\" data-end=\"1154\">\n<p data-start=\"1141\" data-end=\"1154\">loyers \u00e9lev\u00e9s<\/p>\n<\/li>\n<\/ul>\n<p data-start=\"1156\" data-end=\"1261\">Les appartements modernes et les r\u00e9sidences s\u00e9curis\u00e9es sont particuli\u00e8rement recherch\u00e9s dans ce quartier.<\/p>\n<hr data-start=\"1263\" data-end=\"1266\" \/>\n<h2 data-start=\"1268\" data-end=\"1312\">Ngor : un quartier en plein d\u00e9veloppement<\/h2>\n<p data-start=\"1316\" data-end=\"1435\">Le quartier de <strong data-start=\"1331\" data-end=\"1339\">Ngor<\/strong>, situ\u00e9 \u00e0 proximit\u00e9 des Almadies, conna\u00eet une forte croissance immobili\u00e8re ces derni\u00e8res ann\u00e9es.<\/p>\n<p data-start=\"1437\" data-end=\"1577\">Gr\u00e2ce \u00e0 sa proximit\u00e9 avec les plages, les restaurants et les zones touristiques, Ngor attire aussi bien les habitants que les investisseurs.<\/p>\n<h3 data-start=\"1579\" data-end=\"1604\">Les avantages de Ngor<\/h3>\n<ul data-start=\"1605\" data-end=\"1730\">\n<li data-start=\"1605\" data-end=\"1653\">\n<p data-start=\"1607\" data-end=\"1653\">prix souvent plus accessibles que les Almadies<\/p>\n<\/li>\n<li data-start=\"1654\" data-end=\"1697\">\n<p data-start=\"1656\" data-end=\"1697\">proximit\u00e9 de l\u2019a\u00e9roport et de la corniche<\/p>\n<\/li>\n<li data-start=\"1698\" data-end=\"1730\">\n<p data-start=\"1700\" data-end=\"1730\">fort potentiel de valorisation<\/p>\n<\/li>\n<\/ul>\n<p data-start=\"1732\" data-end=\"1838\">Ce quartier est particuli\u00e8rement int\u00e9ressant pour les investissements locatifs de courte ou moyenne dur\u00e9e.<\/p>\n<hr data-start=\"1840\" data-end=\"1843\" \/>\n<h2 data-start=\"1845\" data-end=\"1903\">Mermoz \u2013 Sacr\u00e9-C\u0153ur : un secteur r\u00e9sidentiel tr\u00e8s pris\u00e9<\/h2>\n<p data-start=\"1907\" data-end=\"2025\">Le secteur <strong data-start=\"1918\" data-end=\"1941\">Mermoz \u2013 Sacr\u00e9-C\u0153ur<\/strong> est l\u2019un des quartiers r\u00e9sidentiels les plus appr\u00e9ci\u00e9s par les familles dakaroises.<\/p>\n<p data-start=\"2027\" data-end=\"2116\">Il offre un bon \u00e9quilibre entre accessibilit\u00e9, tranquillit\u00e9 et proximit\u00e9 du centre-ville.<\/p>\n<h3 data-start=\"2118\" data-end=\"2158\">Pourquoi investir dans ce quartier ?<\/h3>\n<ul data-start=\"2159\" data-end=\"2260\">\n<li data-start=\"2159\" data-end=\"2186\">\n<p data-start=\"2161\" data-end=\"2186\">forte demande de location<\/p>\n<\/li>\n<li data-start=\"2187\" data-end=\"2222\">\n<p data-start=\"2189\" data-end=\"2222\">proximit\u00e9 des \u00e9coles et commerces<\/p>\n<\/li>\n<li data-start=\"2223\" data-end=\"2260\">\n<p data-start=\"2225\" data-end=\"2260\">bonne accessibilit\u00e9 aux grands axes<\/p>\n<\/li>\n<\/ul>\n<p data-start=\"2262\" data-end=\"2350\">Les appartements familiaux et les petites r\u00e9sidences y sont particuli\u00e8rement recherch\u00e9s.<\/p>\n<hr data-start=\"2352\" data-end=\"2355\" \/>\n<h2 data-start=\"2357\" data-end=\"2404\">Ouakam : un quartier dynamique et accessible<\/h2>\n<p data-start=\"2408\" data-end=\"2512\">Situ\u00e9 pr\u00e8s du <strong data-start=\"2422\" data-end=\"2463\"><span class=\"hover:entity-accent entity-underline inline cursor-pointer align-baseline\"><span class=\"whitespace-normal\">Monument de la Renaissance africaine<\/span><\/span><\/strong>, <strong data-start=\"2465\" data-end=\"2475\">Ouakam<\/strong> est un quartier en pleine expansion.<\/p>\n<p data-start=\"2514\" data-end=\"2638\">Ce secteur attire les investisseurs gr\u00e2ce \u00e0 ses prix encore relativement accessibles et \u00e0 sa forte croissance d\u00e9mographique.<\/p>\n<h3 data-start=\"2640\" data-end=\"2664\">Les atouts de Ouakam<\/h3>\n<ul data-start=\"2665\" data-end=\"2752\">\n<li data-start=\"2665\" data-end=\"2699\">\n<p data-start=\"2667\" data-end=\"2699\">prix immobiliers plus abordables<\/p>\n<\/li>\n<li data-start=\"2700\" data-end=\"2724\">\n<p data-start=\"2702\" data-end=\"2724\">forte demande locative<\/p>\n<\/li>\n<li data-start=\"2725\" data-end=\"2752\">\n<p data-start=\"2727\" data-end=\"2752\">quartier en d\u00e9veloppement<\/p>\n<\/li>\n<\/ul>\n<p data-start=\"2754\" data-end=\"2863\">C\u2019est un excellent choix pour les investisseurs qui souhaitent r\u00e9aliser un premier projet immobilier \u00e0 Dakar.<\/p>\n<hr data-start=\"2865\" data-end=\"2868\" \/>\n<h2 data-start=\"2870\" data-end=\"2910\">Yoff : entre modernit\u00e9 et bord de mer<\/h2>\n<p data-start=\"2914\" data-end=\"3042\">Le quartier de <strong data-start=\"2929\" data-end=\"2937\">Yoff<\/strong> est l\u2019un des plus attractifs de Dakar gr\u00e2ce \u00e0 sa proximit\u00e9 avec la mer et les nouvelles infrastructures.<\/p>\n<p data-start=\"3044\" data-end=\"3159\">Avec l\u2019expansion urbaine et les nouveaux programmes immobiliers, ce secteur attire de plus en plus d\u2019investisseurs.<\/p>\n<h3 data-start=\"3161\" data-end=\"3191\">Pourquoi investir \u00e0 Yoff ?<\/h3>\n<ul data-start=\"3192\" data-end=\"3300\">\n<li data-start=\"3192\" data-end=\"3214\">\n<p data-start=\"3194\" data-end=\"3214\">proximit\u00e9 des plages<\/p>\n<\/li>\n<li data-start=\"3215\" data-end=\"3262\">\n<p data-start=\"3217\" data-end=\"3262\">d\u00e9veloppement de nouveaux projets immobiliers<\/p>\n<\/li>\n<li data-start=\"3263\" data-end=\"3300\">\n<p data-start=\"3265\" data-end=\"3300\">accessibilit\u00e9 aux zones \u00e9conomiques<\/p>\n<\/li>\n<\/ul>\n<hr data-start=\"3302\" data-end=\"3305\" \/>\n<h2 data-start=\"3307\" data-end=\"3320\">Conclusion<\/h2>\n<p data-start=\"3322\" data-end=\"3590\">Le march\u00e9 immobilier de <strong data-start=\"3346\" data-end=\"3387\"><span class=\"hover:entity-accent entity-underline inline cursor-pointer align-baseline\"><span class=\"whitespace-normal\">Dakar<\/span><\/span><\/strong> offre de nombreuses opportunit\u00e9s pour les investisseurs. Des quartiers prestigieux comme les Almadies aux zones en plein d\u00e9veloppement comme Ouakam ou Yoff, chaque secteur poss\u00e8de ses propres avantages.<\/p>\n<p data-start=\"3592\" data-end=\"3761\">Avant d\u2019investir, il est important d\u2019analyser plusieurs crit\u00e8res : la demande locative, les infrastructures, l\u2019accessibilit\u00e9 et le potentiel de valorisation du quartier.<\/p>\n<p data-start=\"3763\" data-end=\"3869\">Avec une strat\u00e9gie adapt\u00e9e, l\u2019immobilier \u00e0 Dakar peut offrir une rentabilit\u00e9 attractive sur le long terme.<\/p>\n","protected":false},"excerpt":{"rendered":"<p>La ville de Dakar est aujourd\u2019hui l\u2019un des march\u00e9s immobiliers les plus dynamiques d\u2019Afrique de l\u2019Ouest. Gr\u00e2ce \u00e0 sa croissance \u00e9conomique, son attractivit\u00e9 internationale et l\u2019augmentation de la population urbaine, l\u2019immobilier \u00e0 Dakar repr\u00e9sente une opportunit\u00e9 int\u00e9ressante pour les investisseurs. Que vous souhaitiez acheter un appartement pour la location, une maison familiale ou investir dans [&hellip;]<\/p>\n","protected":false},"author":1,"featured_media":0,"parent":0,"menu_order":0,"comment_status":"closed","ping_status":"closed","template":"","meta":{"_monsterinsights_skip_tracking":false,"_monsterinsights_sitenote_active":false,"_monsterinsights_sitenote_note":"","_monsterinsights_sitenote_category":0,"footnotes":""},"class_list":["post-2422","page","type-page","status-publish","hentry"],"_links":{"self":[{"href":"https:\/\/www.kiloukoi.com\/index.php\/wp-json\/wp\/v2\/pages\/2422","targetHints":{"allow":["GET"]}}],"collection":[{"href":"https:\/\/www.kiloukoi.com\/index.php\/wp-json\/wp\/v2\/pages"}],"about":[{"href":"https:\/\/www.kiloukoi.com\/index.php\/wp-json\/wp\/v2\/types\/page"}],"author":[{"embeddable":true,"href":"https:\/\/www.kiloukoi.com\/index.php\/wp-json\/wp\/v2\/users\/1"}],"replies":[{"embeddable":true,"href":"https:\/\/www.kiloukoi.com\/index.php\/wp-json\/wp\/v2\/comments?post=2422"}],"version-history":[{"count":1,"href":"https:\/\/www.kiloukoi.com\/index.php\/wp-json\/wp\/v2\/pages\/2422\/revisions"}],"predecessor-version":[{"id":2423,"href":"https:\/\/www.kiloukoi.com\/index.php\/wp-json\/wp\/v2\/pages\/2422\/revisions\/2423"}],"wp:attachment":[{"href":"https:\/\/www.kiloukoi.com\/index.php\/wp-json\/wp\/v2\/media?parent=2422"}],"curies":[{"name":"wp","href":"https:\/\/api.w.org\/{rel}","templated":true}]}}