{"id":2383,"date":"2026-03-04T21:01:08","date_gmt":"2026-03-04T20:01:08","guid":{"rendered":"https:\/\/www.kiloukoi.com\/?page_id=2383"},"modified":"2026-03-04T21:38:35","modified_gmt":"2026-03-04T20:38:35","slug":"partenaires","status":"publish","type":"page","link":"https:\/\/www.kiloukoi.com\/index.php\/partenaires\/","title":{"rendered":"Partenaires"},"content":{"rendered":"<p><img loading=\"lazy\" decoding=\"async\" class=\"alignnone  wp-image-2384\" src=\"https:\/\/www.kiloukoi.com\/wp-content\/uploads\/2026\/03\/logo-alamine-300x300.jpeg\" alt=\"\" width=\"138\" height=\"138\" srcset=\"https:\/\/www.kiloukoi.com\/wp-content\/uploads\/2026\/03\/logo-alamine-300x300.jpeg 300w, https:\/\/www.kiloukoi.com\/wp-content\/uploads\/2026\/03\/logo-alamine-150x150.jpeg 150w, https:\/\/www.kiloukoi.com\/wp-content\/uploads\/2026\/03\/logo-alamine.jpeg 640w\" sizes=\"auto, (max-width: 138px) 100vw, 138px\" \/> Al-Amine-Immo : Agence immobili\u00e8re +221 77 676 51 94<\/p>\n<p style=\"text-align: left;\"><img loading=\"lazy\" decoding=\"async\" class=\"alignnone  wp-image-2385\" src=\"https:\/\/www.kiloukoi.com\/wp-content\/uploads\/2026\/03\/logo-eurosenegal.jpeg\" alt=\"\" width=\"131\" height=\"122\" \/>EuroS\u00e9n\u00e9gal : Agence Immobili\u00e8re +32 477 19 02 58<br \/>\nContact :\u00a0 Jean-Yves Rolland<\/p>\n<p><img loading=\"lazy\" decoding=\"async\" class=\"alignnone  wp-image-2399\" src=\"https:\/\/www.kiloukoi.com\/wp-content\/uploads\/2026\/03\/LOGO-EVASTYLE-IMMO-300x200.png\" alt=\"\" width=\"190\" height=\"126\" srcset=\"https:\/\/www.kiloukoi.com\/wp-content\/uploads\/2026\/03\/LOGO-EVASTYLE-IMMO-300x200.png 300w, https:\/\/www.kiloukoi.com\/wp-content\/uploads\/2026\/03\/LOGO-EVASTYLE-IMMO-1024x683.png 1024w, https:\/\/www.kiloukoi.com\/wp-content\/uploads\/2026\/03\/LOGO-EVASTYLE-IMMO-768x512.png 768w, https:\/\/www.kiloukoi.com\/wp-content\/uploads\/2026\/03\/LOGO-EVASTYLE-IMMO.png 1536w\" sizes=\"auto, (max-width: 190px) 100vw, 190px\" \/> Eva Style Saly Agence immobili\u00e8re : +221 77 208 68 68<\/p>\n","protected":false},"excerpt":{"rendered":"<p>Al-Amine-Immo : Agence immobili\u00e8re +221 77 676 51 94 EuroS\u00e9n\u00e9gal : Agence Immobili\u00e8re +32 477 19 02 58 Contact :\u00a0 Jean-Yves Rolland Eva Style Saly Agence immobili\u00e8re : +221 77 208 68 68<\/p>\n","protected":false},"author":1,"featured_media":0,"parent":0,"menu_order":0,"comment_status":"closed","ping_status":"closed","template":"","meta":{"_monsterinsights_skip_tracking":false,"_monsterinsights_sitenote_active":false,"_monsterinsights_sitenote_note":"","_monsterinsights_sitenote_category":0,"footnotes":""},"class_list":["post-2383","page","type-page","status-publish","hentry"],"_links":{"self":[{"href":"https:\/\/www.kiloukoi.com\/index.php\/wp-json\/wp\/v2\/pages\/2383","targetHints":{"allow":["GET"]}}],"collection":[{"href":"https:\/\/www.kiloukoi.com\/index.php\/wp-json\/wp\/v2\/pages"}],"about":[{"href":"https:\/\/www.kiloukoi.com\/index.php\/wp-json\/wp\/v2\/types\/page"}],"author":[{"embeddable":true,"href":"https:\/\/www.kiloukoi.com\/index.php\/wp-json\/wp\/v2\/users\/1"}],"replies":[{"embeddable":true,"href":"https:\/\/www.kiloukoi.com\/index.php\/wp-json\/wp\/v2\/comments?post=2383"}],"version-history":[{"count":8,"href":"https:\/\/www.kiloukoi.com\/index.php\/wp-json\/wp\/v2\/pages\/2383\/revisions"}],"predecessor-version":[{"id":2406,"href":"https:\/\/www.kiloukoi.com\/index.php\/wp-json\/wp\/v2\/pages\/2383\/revisions\/2406"}],"wp:attachment":[{"href":"https:\/\/www.kiloukoi.com\/index.php\/wp-json\/wp\/v2\/media?parent=2383"}],"curies":[{"name":"wp","href":"https:\/\/api.w.org\/{rel}","templated":true}]}}